{"id":268,"date":"2013-03-17T00:00:00","date_gmt":"2013-03-17T00:00:00","guid":{"rendered":"http:\/\/cfmis.kicmi.fr\/?page_id=6"},"modified":"2013-03-17T00:00:00","modified_gmt":"2013-03-17T00:00:00","slug":"conseil-dadministration","status":"publish","type":"page","link":"https:\/\/cfmis.fr\/?page_id=268","title":{"rendered":"Conseil d&rsquo;administration"},"content":{"rendered":"<h4>Liste des membres du Conseil d&rsquo;Administration<\/h4>\n<p><strong>Abdelhafid AMAZIRH<\/strong><br \/>\nInter Control (Paris-8)<\/p>\n<p><strong>Chakib BOUALOU ( Pr\u00e9sident ) <\/strong><br \/>\nCentre Energ\u00e9tique et Proc\u00e9d\u00e9s (MINES ParisTech)<\/p>\n<p><strong>Abdallah BOUHAL<\/strong> (Tr\u00e9sorier)<br \/>\nCentre de Calcul (MINES ParisTech)<\/p>\n<p><strong>Zohra DOUX <\/strong><br \/>\nTicket Surf Intrernational (Boulogne-Billancourt)<\/p>\n<p><strong>Lahcen DIAFI<\/strong><br \/>\nEfeSup (Clerment Ferrand)<\/p>\n<p><strong>Mohamed KANNICHE<\/strong> (Secr\u00e9taire)<br \/>\nEDF (Chatou)<\/p>\n<p><strong>Abdelilah EL HAIRY<\/strong><br \/>\nAlliance M\u00e9dicale Franco-Marocaine (Paris)<\/p>\n<p><strong>Abdelhak EDDAJIBI<\/strong><br \/>\nAssociation Education (Stains)<\/p>\n<p><strong>Fayssal BENKHALDOUN<\/strong><br \/>\nD\u00e9partement de Math\u00e9matiques-Institut Galil\u00e9e (Paris 13)<\/p>\n<p><a href=\"https:\/\/cfmis.fr\/\/wp-content\/uploads\/2018\/05\/CFMIS_reglement_interieur.pdf\" target=\"_blank\" rel=\"noopener noreferrer\">R\u00e8glement int\u00e9rieur<\/a><\/p>\n<p><a href=\"https:\/\/cfmis.fr\/\/wp-content\/uploads\/2018\/05\/Statuts_CFMIS.pdf\" target=\"_blank\" rel=\"noopener noreferrer\">Statuts<\/a><\/p>\n","protected":false},"excerpt":{"rendered":"<p>Liste des membres du Conseil d&rsquo;Administration Abdelhafid AMAZIRH Inter Control (Paris-8) Chakib BOUALOU ( Pr\u00e9sident ) Centre Energ\u00e9tique et Proc\u00e9d\u00e9s (MINES ParisTech) Abdallah BOUHAL (Tr\u00e9sorier) Centre de Calcul (MINES ParisTech) Zohra DOUX Ticket Surf Intrernational (Boulogne-Billancourt) Lahcen DIAFI EfeSup (Clerment Ferrand) Mohamed KANNICHE (Secr\u00e9taire) EDF (Chatou) Abdelilah EL HAIRY Alliance M\u00e9dicale Franco-Marocaine (Paris) Abdelhak EDDAJIBI [&hellip;]<\/p>\n","protected":false},"author":1,"featured_media":0,"parent":0,"menu_order":2,"comment_status":"closed","ping_status":"closed","template":"","meta":{"footnotes":""},"class_list":["post-268","page","type-page","status-publish","hentry","entry"],"_links":{"self":[{"href":"https:\/\/cfmis.fr\/index.php?rest_route=\/wp\/v2\/pages\/268","targetHints":{"allow":["GET"]}}],"collection":[{"href":"https:\/\/cfmis.fr\/index.php?rest_route=\/wp\/v2\/pages"}],"about":[{"href":"https:\/\/cfmis.fr\/index.php?rest_route=\/wp\/v2\/types\/page"}],"author":[{"embeddable":true,"href":"https:\/\/cfmis.fr\/index.php?rest_route=\/wp\/v2\/users\/1"}],"replies":[{"embeddable":true,"href":"https:\/\/cfmis.fr\/index.php?rest_route=%2Fwp%2Fv2%2Fcomments&post=268"}],"version-history":[{"count":0,"href":"https:\/\/cfmis.fr\/index.php?rest_route=\/wp\/v2\/pages\/268\/revisions"}],"wp:attachment":[{"href":"https:\/\/cfmis.fr\/index.php?rest_route=%2Fwp%2Fv2%2Fmedia&parent=268"}],"curies":[{"name":"wp","href":"https:\/\/api.w.org\/{rel}","templated":true}]}}