{"id":82,"date":"2023-07-19T14:04:09","date_gmt":"2023-07-19T12:04:09","guid":{"rendered":"http:\/\/cfmis.kicmi.fr\/?page_id=82"},"modified":"2025-05-21T19:18:22","modified_gmt":"2025-05-21T17:18:22","slug":"acceuil","status":"publish","type":"page","link":"https:\/\/cfmis.fr\/","title":{"rendered":"Accueil"},"content":{"rendered":"\t\t<div data-elementor-type=\"wp-post\" data-elementor-id=\"82\" class=\"elementor elementor-82\">\n\t\t\t\t\t\t\t\t\t<section class=\"elementor-section elementor-top-section elementor-element elementor-element-1af0eab7 elementor-section-boxed elementor-section-height-default elementor-section-height-default\" data-id=\"1af0eab7\" data-element_type=\"section\" data-settings=\"{&quot;background_background&quot;:&quot;video&quot;,&quot;background_video_link&quot;:&quot;https:\\\/\\\/www.youtube.com\\\/watch?v=0tnaq11IAfo&quot;}\">\n\t\t\t\t\t\t\t\t<div class=\"elementor-background-video-container elementor-hidden-phone\">\n\t\t\t\t\t\t\t\t\t\t\t\t\t<div class=\"elementor-background-video-embed\"><\/div>\n\t\t\t\t\t\t\t\t\t\t\t\t<\/div>\n\t\t\t\t\t\t\t\t\t<div class=\"elementor-background-overlay\"><\/div>\n\t\t\t\t\t\t\t<div class=\"elementor-container elementor-column-gap-default\">\n\t\t\t\t\t<div class=\"elementor-column elementor-col-100 elementor-top-column elementor-element elementor-element-37a9febb\" data-id=\"37a9febb\" data-element_type=\"column\">\n\t\t\t<div class=\"elementor-widget-wrap elementor-element-populated\">\n\t\t\t\t\t\t\t\t<div class=\"elementor-element elementor-element-6d4d0184 elementor-widget elementor-widget-heading\" data-id=\"6d4d0184\" data-element_type=\"widget\" data-widget_type=\"heading.default\">\n\t\t\t\t<div class=\"elementor-widget-container\">\n\t\t\t<style>\/*! elementor - v3.10.2 - 29-01-2023 *\/\n.elementor-heading-title{padding:0;margin:0;line-height:1}.elementor-widget-heading .elementor-heading-title[class*=elementor-size-]>a{color:inherit;font-size:inherit;line-height:inherit}.elementor-widget-heading .elementor-heading-title.elementor-size-small{font-size:15px}.elementor-widget-heading .elementor-heading-title.elementor-size-medium{font-size:19px}.elementor-widget-heading .elementor-heading-title.elementor-size-large{font-size:29px}.elementor-widget-heading .elementor-heading-title.elementor-size-xl{font-size:39px}.elementor-widget-heading .elementor-heading-title.elementor-size-xxl{font-size:59px}<\/style><h2 class=\"elementor-heading-title elementor-size-medium\">Le Conseil Franco-Marocain des Ing\u00e9nieurs et Scientifiques  <\/h2>\t\t<\/div>\n\t\t\t\t<\/div>\n\t\t\t\t<div class=\"elementor-element elementor-element-baa203a elementor-widget elementor-widget-heading\" data-id=\"baa203a\" data-element_type=\"widget\" data-widget_type=\"heading.default\">\n\t\t\t\t<div class=\"elementor-widget-container\">\n\t\t\t<h2 class=\"elementor-heading-title elementor-size-small\">vous invite \u00e0 une conf\u00e9rence exceptionnelle en hommage \u00e0 Moulay Abdelhafid AMAZIGH, membre du Conseil d\u2019Administration \u00e0 l\u2019occasion de ses quatre-vingts ans :<\/h2>\t\t<\/div>\n\t\t\t\t<\/div>\n\t\t\t\t<div class=\"elementor-element elementor-element-1e5a00e elementor-widget elementor-widget-heading\" data-id=\"1e5a00e\" data-element_type=\"widget\" data-widget_type=\"heading.default\">\n\t\t\t\t<div class=\"elementor-widget-container\">\n\t\t\t<h2 class=\"elementor-heading-title elementor-size-xl\"> \u00ab Responsabilit\u00e9 Soci\u00e9tale des Entreprises (RSE) et transformation des organisations : enjeux et perspectives \u00bb<\/h2>\t\t<\/div>\n\t\t\t\t<\/div>\n\t\t\t\t<div class=\"elementor-element elementor-element-f137a68 elementor-widget elementor-widget-heading\" data-id=\"f137a68\" data-element_type=\"widget\" data-widget_type=\"heading.default\">\n\t\t\t\t<div class=\"elementor-widget-container\">\n\t\t\t<h2 class=\"elementor-heading-title elementor-size-small\">Samedi 14 juin 2025 \u00e0 10h00<br><br>\nSalle Vend\u00f4me<br>\nMINES Paris - PSL, 60 boulevard Saint Michel, Paris<br>\nRER B Luxembourg<\/h2>\t\t<\/div>\n\t\t\t\t<\/div>\n\t\t\t\t<div class=\"elementor-element elementor-element-23a413e5 elementor-align-center elementor-widget elementor-widget-button\" data-id=\"23a413e5\" data-element_type=\"widget\" data-widget_type=\"button.default\">\n\t\t\t\t<div class=\"elementor-widget-container\">\n\t\t\t\t\t<div class=\"elementor-button-wrapper\">\n\t\t\t<a href=\"https:\/\/my.weezevent.com\/conference-cfmis?_gl=1*hhte08*_gcl_au*MTY0ODU2NDUwLjE3NDY1NDE0OTU\" target=\"_blank\" class=\"elementor-button-link elementor-button elementor-size-lg\" role=\"button\">\n\t\t\t\t\t\t<span class=\"elementor-button-content-wrapper\">\n\t\t\t\t\t\t<span class=\"elementor-button-text\">Inscription<\/span>\n\t\t<\/span>\n\t\t\t\t\t<\/a>\n\t\t<\/div>\n\t\t\t\t<\/div>\n\t\t\t\t<\/div>\n\t\t\t\t\t<\/div>\n\t\t<\/div>\n\t\t\t\t\t\t\t<\/div>\n\t\t<\/section>\n\t\t\t\t<section class=\"elementor-section elementor-top-section elementor-element elementor-element-2c278e41 elementor-section-content-middle elementor-reverse-mobile elementor-section-boxed elementor-section-height-default elementor-section-height-default\" data-id=\"2c278e41\" data-element_type=\"section\" data-settings=\"{&quot;background_background&quot;:&quot;classic&quot;}\">\n\t\t\t\t\t\t<div class=\"elementor-container elementor-column-gap-default\">\n\t\t\t\t\t<div class=\"elementor-column elementor-col-50 elementor-top-column elementor-element elementor-element-51aefe6b\" data-id=\"51aefe6b\" data-element_type=\"column\">\n\t\t\t<div class=\"elementor-widget-wrap elementor-element-populated\">\n\t\t\t\t\t\t\t\t<div class=\"elementor-element elementor-element-4e8654e elementor-widget elementor-widget-heading\" data-id=\"4e8654e\" data-element_type=\"widget\" data-widget_type=\"heading.default\">\n\t\t\t\t<div class=\"elementor-widget-container\">\n\t\t\t<h2 class=\"elementor-heading-title elementor-size-medium\">Bienvenue au Conseil Franco-Marocain des Ing\u00e9nieurs et Scientifiques, votre plateforme d'\u00e9change et de d\u00e9couverte au service de l'innovation et du rayonnement scientifique entre nos deux nations. \nRejoignez-nous dans cette aventure enrichissante et inspirante pour fa\u00e7onner ensemble un avenir meilleur.<\/h2>\t\t<\/div>\n\t\t\t\t<\/div>\n\t\t\t\t<div class=\"elementor-element elementor-element-23b23e6f elementor-view-stacked elementor-position-left elementor-shape-circle elementor-mobile-position-top elementor-vertical-align-top elementor-widget elementor-widget-icon-box\" data-id=\"23b23e6f\" data-element_type=\"widget\" data-widget_type=\"icon-box.default\">\n\t\t\t\t<div class=\"elementor-widget-container\">\n\t\t\t<link rel=\"stylesheet\" href=\"https:\/\/cfmis.fr\/wp-content\/plugins\/elementor\/assets\/css\/widget-icon-box.min.css\">\t\t<div class=\"elementor-icon-box-wrapper\">\n\t\t\t\t\t\t<div class=\"elementor-icon-box-icon\">\n\t\t\t\t<span class=\"elementor-icon elementor-animation-\" >\n\t\t\t\t<i aria-hidden=\"true\" class=\"fab fa-connectdevelop\"><\/i>\t\t\t\t<\/span>\n\t\t\t<\/div>\n\t\t\t\t\t\t<div class=\"elementor-icon-box-content\">\n\t\t\t\t<h3 class=\"elementor-icon-box-title\">\n\t\t\t\t\t<span  >\n\t\t\t\t\t\tA propos du CFMIS:\t\t\t\t\t<\/span>\n\t\t\t\t<\/h3>\n\t\t\t\t\t\t\t\t\t<p class=\"elementor-icon-box-description\">\n\t\t\t\t\t\tLe Conseil Franco-Marocain des Ing\u00e9nieurs et Scientifiques, commun\u00e9ment d\u00e9sign\u00e9 par l'acronyme CFMIS, est une association \u00e9tablie en conformit\u00e9 avec la loi du 1er juillet 1901 et le d\u00e9cret du 16 ao\u00fbt 1901. Notre mission principale est de promouvoir activement les sciences tout en encourageant la coop\u00e9ration technique et les \u00e9changes fructueux entre la France et le Maroc. Dans cette d\u00e9marche, nous souhaitons f\u00e9d\u00e9rer un vaste r\u00e9seau de scientifiques, d'industriels, de chercheurs et de techniciens, afin de constituer une communaut\u00e9 dynamique et engag\u00e9e.\n\nEn tant qu'organisation \u00e0 but non lucratif, le CFMIS s'engage pleinement \u00e0 renforcer les liens entre les deux nations en favorisant les \u00e9changes intellectuels et technologiques. Nous sommes convaincus que la collaboration internationale est un moteur essentiel du progr\u00e8s scientifique et technologique.\n\nAu sein de notre plateforme, vous d\u00e9couvrirez une panoplie d'initiatives et d'\u00e9v\u00e9nements qui visent \u00e0 faciliter le partage de connaissances, la recherche commune, et le d\u00e9veloppement de projets innovants. Nos membres b\u00e9n\u00e9ficient d'un environnement propice \u00e0 l'\u00e9panouissement professionnel, propulsant ainsi leur expertise \u00e0 de nouveaux sommets.\n\nQue vous soyez un \u00e9tudiant, un professionnel chevronn\u00e9, un chercheur ou un acteur de l'industrie, nous vous invitons \u00e0 rejoindre notre communaut\u00e9 passionn\u00e9e. Ensemble, nous construirons un pont entre la France et le Maroc, unissant nos comp\u00e9tences et notre passion pour les sciences et la technologie, dans un esprit de collaboration et de progr\u00e8s mutuel.\t\t\t\t\t<\/p>\n\t\t\t\t\t\t\t<\/div>\n\t\t<\/div>\n\t\t\t\t<\/div>\n\t\t\t\t<\/div>\n\t\t\t\t\t<\/div>\n\t\t<\/div>\n\t\t\t\t<div class=\"elementor-column elementor-col-50 elementor-top-column elementor-element elementor-element-7ef3eca4\" data-id=\"7ef3eca4\" data-element_type=\"column\">\n\t\t\t<div class=\"elementor-widget-wrap elementor-element-populated\">\n\t\t\t\t\t\t\t\t<div class=\"elementor-element elementor-element-0cd40cb elementor-widget elementor-widget-image\" data-id=\"0cd40cb\" data-element_type=\"widget\" data-widget_type=\"image.default\">\n\t\t\t\t<div class=\"elementor-widget-container\">\n\t\t\t<style>\/*! elementor - v3.10.2 - 29-01-2023 *\/\n.elementor-widget-image{text-align:center}.elementor-widget-image a{display:inline-block}.elementor-widget-image a img[src$=\".svg\"]{width:48px}.elementor-widget-image img{vertical-align:middle;display:inline-block}<\/style>\t\t\t\t\t\t\t\t\t\t\t\t<img loading=\"lazy\" decoding=\"async\" width=\"1024\" height=\"768\" src=\"https:\/\/cfmis.fr\/wp-content\/uploads\/2023\/07\/MicrosoftTeams-image-12-1024x768.jpg\" class=\"attachment-large size-large wp-image-297\" alt=\"\" srcset=\"https:\/\/cfmis.fr\/wp-content\/uploads\/2023\/07\/MicrosoftTeams-image-12-1024x768.jpg 1024w, https:\/\/cfmis.fr\/wp-content\/uploads\/2023\/07\/MicrosoftTeams-image-12-300x225.jpg 300w, https:\/\/cfmis.fr\/wp-content\/uploads\/2023\/07\/MicrosoftTeams-image-12-768x576.jpg 768w, https:\/\/cfmis.fr\/wp-content\/uploads\/2023\/07\/MicrosoftTeams-image-12-1536x1152.jpg 1536w, https:\/\/cfmis.fr\/wp-content\/uploads\/2023\/07\/MicrosoftTeams-image-12-2048x1536.jpg 2048w\" sizes=\"auto, (max-width: 1024px) 100vw, 1024px\" \/>\t\t\t\t\t\t\t\t\t\t\t\t\t\t\t<\/div>\n\t\t\t\t<\/div>\n\t\t\t\t<div class=\"elementor-element elementor-element-b69389b elementor-widget elementor-widget-image\" data-id=\"b69389b\" data-element_type=\"widget\" data-widget_type=\"image.default\">\n\t\t\t\t<div class=\"elementor-widget-container\">\n\t\t\t\t\t\t\t\t\t\t\t\t\t\t\t<img loading=\"lazy\" decoding=\"async\" width=\"1024\" height=\"682\" src=\"https:\/\/cfmis.fr\/wp-content\/uploads\/2023\/07\/MicrosoftTeams-image-11-1024x682.jpg\" class=\"attachment-large size-large wp-image-298\" alt=\"\" srcset=\"https:\/\/cfmis.fr\/wp-content\/uploads\/2023\/07\/MicrosoftTeams-image-11-1024x682.jpg 1024w, https:\/\/cfmis.fr\/wp-content\/uploads\/2023\/07\/MicrosoftTeams-image-11-300x200.jpg 300w, https:\/\/cfmis.fr\/wp-content\/uploads\/2023\/07\/MicrosoftTeams-image-11-768x511.jpg 768w, https:\/\/cfmis.fr\/wp-content\/uploads\/2023\/07\/MicrosoftTeams-image-11-1536x1022.jpg 1536w, https:\/\/cfmis.fr\/wp-content\/uploads\/2023\/07\/MicrosoftTeams-image-11.jpg 1848w\" sizes=\"auto, (max-width: 1024px) 100vw, 1024px\" \/>\t\t\t\t\t\t\t\t\t\t\t\t\t\t\t<\/div>\n\t\t\t\t<\/div>\n\t\t\t\t<div class=\"elementor-element elementor-element-4d2a70f2 elementor-widget elementor-widget-image\" data-id=\"4d2a70f2\" data-element_type=\"widget\" data-widget_type=\"image.default\">\n\t\t\t\t<div class=\"elementor-widget-container\">\n\t\t\t\t\t\t\t\t\t\t\t\t\t\t\t<img loading=\"lazy\" decoding=\"async\" width=\"1024\" height=\"768\" src=\"https:\/\/cfmis.fr\/wp-content\/uploads\/2023\/07\/MicrosoftTeams-image-13-1024x768.jpg\" class=\"attachment-large size-large wp-image-296\" alt=\"\" srcset=\"https:\/\/cfmis.fr\/wp-content\/uploads\/2023\/07\/MicrosoftTeams-image-13-1024x768.jpg 1024w, https:\/\/cfmis.fr\/wp-content\/uploads\/2023\/07\/MicrosoftTeams-image-13-300x225.jpg 300w, https:\/\/cfmis.fr\/wp-content\/uploads\/2023\/07\/MicrosoftTeams-image-13-768x576.jpg 768w, https:\/\/cfmis.fr\/wp-content\/uploads\/2023\/07\/MicrosoftTeams-image-13-1536x1152.jpg 1536w, https:\/\/cfmis.fr\/wp-content\/uploads\/2023\/07\/MicrosoftTeams-image-13-2048x1536.jpg 2048w\" sizes=\"auto, (max-width: 1024px) 100vw, 1024px\" \/>\t\t\t\t\t\t\t\t\t\t\t\t\t\t\t<\/div>\n\t\t\t\t<\/div>\n\t\t\t\t\t<\/div>\n\t\t<\/div>\n\t\t\t\t\t\t\t<\/div>\n\t\t<\/section>\n\t\t\t\t\t\t\t<\/div>\n\t\t","protected":false},"excerpt":{"rendered":"<p>Le Conseil Franco-Marocain des Ing\u00e9nieurs et Scientifiques vous invite \u00e0 une conf\u00e9rence exceptionnelle en hommage \u00e0 Moulay Abdelhafid AMAZIGH, membre du Conseil d\u2019Administration \u00e0 l\u2019occasion de ses quatre-vingts ans : \u00ab Responsabilit\u00e9 Soci\u00e9tale des Entreprises (RSE) et transformation des organisations : enjeux et perspectives \u00bb Samedi 14 juin 2025 \u00e0 10h00 Salle Vend\u00f4me MINES Paris [&hellip;]<\/p>\n","protected":false},"author":1,"featured_media":0,"parent":0,"menu_order":0,"comment_status":"closed","ping_status":"closed","template":"","meta":{"footnotes":""},"class_list":["post-82","page","type-page","status-publish","hentry","entry"],"_links":{"self":[{"href":"https:\/\/cfmis.fr\/index.php?rest_route=\/wp\/v2\/pages\/82","targetHints":{"allow":["GET"]}}],"collection":[{"href":"https:\/\/cfmis.fr\/index.php?rest_route=\/wp\/v2\/pages"}],"about":[{"href":"https:\/\/cfmis.fr\/index.php?rest_route=\/wp\/v2\/types\/page"}],"author":[{"embeddable":true,"href":"https:\/\/cfmis.fr\/index.php?rest_route=\/wp\/v2\/users\/1"}],"replies":[{"embeddable":true,"href":"https:\/\/cfmis.fr\/index.php?rest_route=%2Fwp%2Fv2%2Fcomments&post=82"}],"version-history":[{"count":29,"href":"https:\/\/cfmis.fr\/index.php?rest_route=\/wp\/v2\/pages\/82\/revisions"}],"predecessor-version":[{"id":327,"href":"https:\/\/cfmis.fr\/index.php?rest_route=\/wp\/v2\/pages\/82\/revisions\/327"}],"wp:attachment":[{"href":"https:\/\/cfmis.fr\/index.php?rest_route=%2Fwp%2Fv2%2Fmedia&parent=82"}],"curies":[{"name":"wp","href":"https:\/\/api.w.org\/{rel}","templated":true}]}}